{"id":912,"date":"2025-04-23T08:36:14","date_gmt":"2025-04-23T08:36:14","guid":{"rendered":"https:\/\/transportsbouprat.cat\/services\/"},"modified":"2026-02-24T09:25:56","modified_gmt":"2026-02-24T09:25:56","slug":"serveis","status":"publish","type":"page","link":"https:\/\/majorprojects.cat\/es\/serveis\/","title":{"rendered":"Servicios"},"content":{"rendered":"<div class=\"wp-block-uagb-container uagb-block-b5d35cd4 alignfull uagb-is-root-container\"><div class=\"uagb-container-inner-blocks-wrap\">\n<div class=\"wp-block-uagb-advanced-heading uagb-block-90747899\"><h1 class=\"uagb-heading-text\">Servicios<\/h1><\/div>\n<\/div><\/div>\n\n\n\n<div class=\"wp-block-uagb-container uagb-block-cf9812ba alignwide uagb-is-root-container\">\n<div class=\"wp-block-group service-container is-vertical is-layout-flex wp-container-core-group-is-layout-eac637c2 wp-block-group-is-layout-flex\" style=\"padding-top:var(--wp--preset--spacing--20);padding-right:0;padding-bottom:var(--wp--preset--spacing--20);padding-left:0\">\n<div class=\"wp-block-uagb-container service-container uagb-block-a48f9cd9 alignfull uagb-is-root-container\"><div class=\"uagb-container-inner-blocks-wrap\">\n<div class=\"wp-block-uagb-container uagb-block-5d89cccc\">\n<div class=\"wp-block-uagb-image uagb-block-a9ee658d wp-block-uagb-image--layout-default wp-block-uagb-image--effect-static wp-block-uagb-image--align-none\"><figure class=\"wp-block-uagb-image__figure\"><img decoding=\"async\" srcset=\"https:\/\/majorprojects.cat\/wp-content\/uploads\/2026\/02\/pexels-photo-36065437-36065437-1024x535.jpg ,http:\/\/majorprojects.cat\/wp-content\/uploads\/2026\/02\/pexels-photo-36065437-36065437.jpg 780w, http:\/\/majorprojects.cat\/wp-content\/uploads\/2026\/02\/pexels-photo-36065437-36065437.jpg 360w\" sizes=\"auto, (max-width: 480px) 150px\" src=\"https:\/\/majorprojects.cat\/wp-content\/uploads\/2026\/02\/pexels-photo-36065437-36065437-1024x535.jpg\" alt=\"A modern construction site with cranes against a clear blue sky, showcasing urban development.\" class=\"uag-image-2565\" width=\"573\" height=\"305\" title=\"pexels-photo-36065437-36065437\" loading=\"lazy\" role=\"img\"\/><\/figure><\/div>\n<\/div>\n\n\n\n<div class=\"wp-block-uagb-container uagb-block-d65271f6\">\n<h4 class=\"wp-block-heading\" style=\"margin-top:0;margin-right:0;margin-bottom:0;margin-left:0\"><strong>Projectes a mida<\/strong><\/h4>\n\n\n\n<p><strong>Cada obra \u00e9s \u00fanica<\/strong>. Per aix\u00f2 oferim projectes personalitzats, escoltant les idees del client i assessorant-lo en cada decisi\u00f3. El nostre objectiu \u00e9s transformar les necessitats en espais ben pensats, pr\u00e0ctics i adaptats al dia a dia.<\/p>\n<\/div>\n<\/div><\/div>\n\n\n\n<div class=\"wp-block-uagb-container uagb-block-78c28014 alignfull uagb-is-root-container\"><div class=\"uagb-container-inner-blocks-wrap\">\n<div class=\"wp-block-group service-container is-nowrap is-layout-flex wp-container-core-group-is-layout-6c531013 wp-block-group-is-layout-flex\">\n<div class=\"wp-block-uagb-container uagb-layout-flex uagb-block-004eed43\">\n<div class=\"wp-block-uagb-container uagb-block-31d6d356\">\n<h4 class=\"wp-block-heading\" style=\"margin-top:0;margin-right:0;margin-bottom:0;margin-left:0\"><strong><strong>Reformes integrals<\/strong><\/strong><\/h4>\n\n\n\n<p style=\"margin-top:0;margin-right:0;margin-bottom:0;margin-left:0\">Realitzem reformes integrals d\u2019habitatges i espais professionals, adaptant cada projecte a les necessitats i estil de cada client. <\/p>\n\n\n\n<p style=\"margin-top:0;margin-right:0;margin-bottom:0;margin-left:0\">Ens encarreguem de tot el proc\u00e9s:<\/p>\n\n\n\n<div class=\"wp-block-uagb-icon-list uagb-block-b81cec59\"><div class=\"uagb-icon-list__wrap\">\n<div class=\"wp-block-uagb-icon-list-child uagb-block-5ad02e8c\"><span class=\"uagb-icon-list__source-wrap\"><svg xmlns=\"https:\/\/www.w3.org\/2000\/svg\" viewbox=\"0 0 512 512\"><path d=\"M362.7 19.32C387.7-5.678 428.3-5.678 453.3 19.32L492.7 58.75C517.7 83.74 517.7 124.3 492.7 149.3L444.3 197.7L314.3 67.72L362.7 19.32zM421.7 220.3L188.5 453.4C178.1 463.8 165.2 471.5 151.1 475.6L30.77 511C22.35 513.5 13.24 511.2 7.03 504.1C.8198 498.8-1.502 489.7 .976 481.2L36.37 360.9C40.53 346.8 48.16 333.9 58.57 323.5L291.7 90.34L421.7 220.3z\"><\/path><\/svg><\/span><span class=\"uagb-icon-list__label\">Planificaci\u00f3<\/span><\/div>\n\n\n\n<div class=\"wp-block-uagb-icon-list-child uagb-block-2357d5f5\"><span class=\"uagb-icon-list__source-wrap\"><svg xmlns=\"https:\/\/www.w3.org\/2000\/svg\" viewbox=\"0 0 576 512\"><path d=\"M160 48C160 21.49 181.5 0 208 0H256V80C256 88.84 263.2 96 272 96H304C312.8 96 320 88.84 320 80V0H368C394.5 0 416 21.49 416 48V176C416 202.5 394.5 224 368 224H208C181.5 224 160 202.5 160 176V48zM96 288V368C96 376.8 103.2 384 112 384H144C152.8 384 160 376.8 160 368V288H208C234.5 288 256 309.5 256 336V464C256 490.5 234.5 512 208 512H48C21.49 512 0 490.5 0 464V336C0 309.5 21.49 288 48 288H96zM416 288V368C416 376.8 423.2 384 432 384H464C472.8 384 480 376.8 480 368V288H528C554.5 288 576 309.5 576 336V464C576 490.5 554.5 512 528 512H368C341.5 512 320 490.5 320 464V336C320 309.5 341.5 288 368 288H416z\"><\/path><\/svg><\/span><span class=\"uagb-icon-list__label\">Coordinaci\u00f3 dels treballs i execuci\u00f3<\/span><\/div>\n\n\n\n<div class=\"wp-block-uagb-icon-list-child uagb-block-d0002d32\"><span class=\"uagb-icon-list__source-wrap\"><svg xmlns=\"https:\/\/www.w3.org\/2000\/svg\" viewbox=\"0 0 576 512\"><path d=\"M279.6 160.4C282.4 160.1 285.2 160 288 160C341 160 384 202.1 384 256C384 309 341 352 288 352C234.1 352 192 309 192 256C192 253.2 192.1 250.4 192.4 247.6C201.7 252.1 212.5 256 224 256C259.3 256 288 227.3 288 192C288 180.5 284.1 169.7 279.6 160.4zM480.6 112.6C527.4 156 558.7 207.1 573.5 243.7C576.8 251.6 576.8 260.4 573.5 268.3C558.7 304 527.4 355.1 480.6 399.4C433.5 443.2 368.8 480 288 480C207.2 480 142.5 443.2 95.42 399.4C48.62 355.1 17.34 304 2.461 268.3C-.8205 260.4-.8205 251.6 2.461 243.7C17.34 207.1 48.62 156 95.42 112.6C142.5 68.84 207.2 32 288 32C368.8 32 433.5 68.84 480.6 112.6V112.6zM288 112C208.5 112 144 176.5 144 256C144 335.5 208.5 400 288 400C367.5 400 432 335.5 432 256C432 176.5 367.5 112 288 112z\"><\/path><\/svg><\/span><span class=\"uagb-icon-list__label\">Seguiment i control de qualitat, cuidant cada detall per garantir un resultat funcional, est\u00e8tic i durador.<\/span><\/div>\n<\/div><\/div>\n<\/div>\n<\/div>\n\n\n\n<div class=\"wp-block-uagb-container uagb-block-46cc339c\">\n<div class=\"wp-block-uagb-image uagb-block-a1efdaf7 wp-block-uagb-image--layout-default wp-block-uagb-image--effect-static wp-block-uagb-image--align-none\"><figure class=\"wp-block-uagb-image__figure\"><img decoding=\"async\" srcset=\"https:\/\/majorprojects.cat\/wp-content\/uploads\/2026\/02\/pexels-photo-36065437-36065437-1024x535.jpg ,http:\/\/majorprojects.cat\/wp-content\/uploads\/2026\/02\/pexels-photo-36065437-36065437.jpg 780w, http:\/\/majorprojects.cat\/wp-content\/uploads\/2026\/02\/pexels-photo-36065437-36065437.jpg 360w\" sizes=\"auto, (max-width: 480px) 150px\" src=\"https:\/\/majorprojects.cat\/wp-content\/uploads\/2026\/02\/pexels-photo-36065437-36065437-1024x535.jpg\" alt=\"A modern construction site with cranes against a clear blue sky, showcasing urban development.\" class=\"uag-image-2565\" width=\"573\" height=\"305\" title=\"pexels-photo-36065437-36065437\" loading=\"lazy\" role=\"img\"\/><\/figure><\/div>\n<\/div>\n<\/div>\n<\/div><\/div>\n\n\n\n<div class=\"wp-block-uagb-container service-container uagb-block-32e7086f alignfull uagb-is-root-container\"><div class=\"uagb-container-inner-blocks-wrap\">\n<div class=\"wp-block-uagb-container uagb-block-97198680\">\n<div class=\"wp-block-uagb-image uagb-block-aa34c51d wp-block-uagb-image--layout-default wp-block-uagb-image--effect-static wp-block-uagb-image--align-none\"><figure class=\"wp-block-uagb-image__figure\"><img decoding=\"async\" srcset=\"https:\/\/majorprojects.cat\/wp-content\/uploads\/2026\/02\/pexels-photo-36065437-36065437-1024x535.jpg ,http:\/\/majorprojects.cat\/wp-content\/uploads\/2026\/02\/pexels-photo-36065437-36065437.jpg 780w, http:\/\/majorprojects.cat\/wp-content\/uploads\/2026\/02\/pexels-photo-36065437-36065437.jpg 360w\" sizes=\"auto, (max-width: 480px) 150px\" src=\"https:\/\/majorprojects.cat\/wp-content\/uploads\/2026\/02\/pexels-photo-36065437-36065437-1024x535.jpg\" alt=\"A modern construction site with cranes against a clear blue sky, showcasing urban development.\" class=\"uag-image-2565\" width=\"573\" height=\"305\" title=\"pexels-photo-36065437-36065437\" loading=\"lazy\" role=\"img\"\/><\/figure><\/div>\n<\/div>\n\n\n\n<div class=\"wp-block-uagb-container uagb-layout-flex uagb-block-c12e2b12\">\n<h4 class=\"wp-block-heading\" style=\"margin-top:0;margin-right:0;margin-bottom:0;margin-left:0\"><strong><strong>Reformes de cuines i banys<\/strong><\/strong><\/h4>\n\n\n\n<p style=\"margin-top:0;margin-bottom:0\">Transformem cuines i banys en espais pensats per viure\u2019ls i gaudir-los cada dia. Escoltem les necessitats de cada client i cuidem tant la funcionalitat com els acabats, perqu\u00e8 cada detall compta.<\/p>\n\n\n\n<p style=\"margin-top:0;margin-right:0;margin-bottom:0;margin-left:0\"> Treballem amb materials de qualitat i solucions pr\u00e0ctiques, optimitzant l\u2019espai i creant ambients confortables, duradors i adaptats al ritme de vida actual. Ens ocupem de tot el proc\u00e9s, perqu\u00e8 el client nom\u00e9s s\u2019hagi de preocupar d\u2019imaginar el resultat final.<\/p>\n<\/div>\n<\/div><\/div>\n\n\n\n<div class=\"wp-block-uagb-container service-container uagb-block-a6a694d3 alignfull uagb-is-root-container\"><div class=\"uagb-container-inner-blocks-wrap\">\n<div class=\"wp-block-group service-container is-nowrap is-layout-flex wp-container-core-group-is-layout-6c531013 wp-block-group-is-layout-flex\">\n<div class=\"wp-block-uagb-container uagb-block-5c2304a4\">\n<h4 class=\"wp-block-heading\" style=\"margin-top:0;margin-right:0;margin-bottom:0;margin-left:0\"><strong><strong><strong>Obra nova<\/strong><\/strong><\/strong><\/h4>\n\n\n\n<p style=\"margin-top:0;margin-right:0;margin-bottom:0;margin-left:0\">Desenvolupem projectes d\u2019obra nova a mida, des de la fase inicial fins a la construcci\u00f3 final.<\/p>\n\n\n\n<p style=\"margin-top:0;margin-right:0;margin-bottom:0;margin-left:0\"> Treballem de manera propera amb el client i els t\u00e8cnics per garantir una execuci\u00f3 eficient, amb materials de qualitat i solucions constructives adaptades a cada projecte.<\/p>\n<\/div>\n\n\n\n<div class=\"wp-block-uagb-container uagb-block-9fa0900f\">\n<div class=\"wp-block-uagb-image uagb-block-6902272a wp-block-uagb-image--layout-default wp-block-uagb-image--effect-static wp-block-uagb-image--align-none\"><figure class=\"wp-block-uagb-image__figure\"><img decoding=\"async\" srcset=\"https:\/\/majorprojects.cat\/wp-content\/uploads\/2026\/02\/pexels-photo-36065437-36065437-1024x535.jpg ,http:\/\/majorprojects.cat\/wp-content\/uploads\/2026\/02\/pexels-photo-36065437-36065437.jpg 780w, http:\/\/majorprojects.cat\/wp-content\/uploads\/2026\/02\/pexels-photo-36065437-36065437.jpg 360w\" sizes=\"auto, (max-width: 480px) 150px\" src=\"https:\/\/majorprojects.cat\/wp-content\/uploads\/2026\/02\/pexels-photo-36065437-36065437-1024x535.jpg\" alt=\"A modern construction site with cranes against a clear blue sky, showcasing urban development.\" class=\"uag-image-2565\" width=\"573\" height=\"305\" title=\"pexels-photo-36065437-36065437\" loading=\"lazy\" role=\"img\"\/><\/figure><\/div>\n<\/div>\n<\/div>\n<\/div><\/div>\n\n\n\n<div class=\"wp-block-uagb-container service-container uagb-block-1bd19f34 alignfull uagb-is-root-container\"><div class=\"uagb-container-inner-blocks-wrap\">\n<div class=\"wp-block-uagb-container uagb-block-6bc8f787\">\n<div class=\"wp-block-uagb-image uagb-block-0eb6084b wp-block-uagb-image--layout-default wp-block-uagb-image--effect-static wp-block-uagb-image--align-none\"><figure class=\"wp-block-uagb-image__figure\"><img decoding=\"async\" srcset=\"https:\/\/majorprojects.cat\/wp-content\/uploads\/2026\/02\/pexels-photo-36065437-36065437-1024x535.jpg ,http:\/\/majorprojects.cat\/wp-content\/uploads\/2026\/02\/pexels-photo-36065437-36065437.jpg 780w, http:\/\/majorprojects.cat\/wp-content\/uploads\/2026\/02\/pexels-photo-36065437-36065437.jpg 360w\" sizes=\"auto, (max-width: 480px) 150px\" src=\"https:\/\/majorprojects.cat\/wp-content\/uploads\/2026\/02\/pexels-photo-36065437-36065437-1024x535.jpg\" alt=\"A modern construction site with cranes against a clear blue sky, showcasing urban development.\" class=\"uag-image-2565\" width=\"573\" height=\"305\" title=\"pexels-photo-36065437-36065437\" loading=\"lazy\" role=\"img\"\/><\/figure><\/div>\n<\/div>\n\n\n\n<div class=\"wp-block-uagb-container uagb-block-2a9f3530\">\n<h4 class=\"wp-block-heading\" style=\"margin-top:0;margin-right:0;margin-bottom:0;margin-left:0\"><strong><strong>Projectes de bioconstrucci\u00f3<\/strong><\/strong><\/h4>\n\n\n\n<p style=\"margin-top:0;margin-right:0;margin-bottom:0;margin-left:0\">Desenvolupem projectes de bioconstrucci\u00f3 pensats per crear espais saludables, eficients i respectuosos amb l\u2019entorn.<\/p>\n\n\n\n<p style=\"margin-top:0;margin-right:0;margin-bottom:0;margin-left:0\"> Treballem amb materials naturals i solucions constructives sostenibles, tenint en compte el confort t\u00e8rmic, la qualitat de l\u2019aire i l\u2019impacte ambiental de cada obra.<\/p>\n\n\n\n<p style=\"margin-top:0;margin-right:0;margin-bottom:0;margin-left:0\">Apliquem criteri t\u00e8cnic i experi\u00e8ncia per integrar la bioconstrucci\u00f3 tant en obra nova com en rehabilitacions, aconseguint espais que connecten amb una manera m\u00e9s conscient i responsable de construir.<\/p>\n<\/div>\n<\/div><\/div>\n\n\n\n<div class=\"wp-block-uagb-container service-container uagb-block-8a5a0223 alignfull uagb-is-root-container\"><div class=\"uagb-container-inner-blocks-wrap\">\n<div class=\"wp-block-group service-container is-nowrap is-layout-flex wp-container-core-group-is-layout-6c531013 wp-block-group-is-layout-flex\">\n<div class=\"wp-block-uagb-container uagb-block-1824ad13\">\n<h4 class=\"wp-block-heading\" style=\"margin-top:0;margin-right:0;margin-bottom:0;margin-left:0\"><strong><strong><strong>Canvi d\u2019\u00fas de locals comercials a habitatges<\/strong><\/strong><\/strong><\/h4>\n\n\n\n<p style=\"margin-top:0;margin-right:0;margin-bottom:0;margin-left:0\">Gestionem i executem canvis d\u2019\u00fas de locals comercials per convertir-los en habitatges funcionals i confortables.<\/p>\n\n\n\n<p style=\"margin-top:0;margin-right:0;margin-bottom:0;margin-left:0\"> Abordem cada projecte amb una visi\u00f3 global, tenint en compte la normativa, la distribuci\u00f3 i els acabats, per aprofitar al m\u00e0xim el potencial de l\u2019espai i adaptar-lo a les necessitats actuals.<\/p>\n<\/div>\n\n\n\n<div class=\"wp-block-uagb-container uagb-block-e9f9ccdd\">\n<div class=\"wp-block-uagb-image uagb-block-3f3ee308 wp-block-uagb-image--layout-default wp-block-uagb-image--effect-static wp-block-uagb-image--align-none\"><figure class=\"wp-block-uagb-image__figure\"><img decoding=\"async\" srcset=\"https:\/\/majorprojects.cat\/wp-content\/uploads\/2026\/02\/pexels-photo-36065437-36065437-1024x535.jpg ,http:\/\/majorprojects.cat\/wp-content\/uploads\/2026\/02\/pexels-photo-36065437-36065437.jpg 780w, http:\/\/majorprojects.cat\/wp-content\/uploads\/2026\/02\/pexels-photo-36065437-36065437.jpg 360w\" sizes=\"auto, (max-width: 480px) 150px\" src=\"https:\/\/majorprojects.cat\/wp-content\/uploads\/2026\/02\/pexels-photo-36065437-36065437-1024x535.jpg\" alt=\"A modern construction site with cranes against a clear blue sky, showcasing urban development.\" class=\"uag-image-2565\" width=\"573\" height=\"305\" title=\"pexels-photo-36065437-36065437\" loading=\"lazy\" role=\"img\"\/><\/figure><\/div>\n<\/div>\n<\/div>\n<\/div><\/div>\n\n\n\n<div class=\"wp-block-uagb-container service-container uagb-block-8f7ec992 alignfull uagb-is-root-container\"><div class=\"uagb-container-inner-blocks-wrap\">\n<div class=\"wp-block-uagb-container uagb-block-c41cac98\">\n<div class=\"wp-block-uagb-image uagb-block-9e3d9a62 wp-block-uagb-image--layout-default wp-block-uagb-image--effect-static wp-block-uagb-image--align-none\"><figure class=\"wp-block-uagb-image__figure\"><img decoding=\"async\" srcset=\"https:\/\/majorprojects.cat\/wp-content\/uploads\/2026\/02\/pexels-photo-36065437-36065437-1024x535.jpg ,http:\/\/majorprojects.cat\/wp-content\/uploads\/2026\/02\/pexels-photo-36065437-36065437.jpg 780w, http:\/\/majorprojects.cat\/wp-content\/uploads\/2026\/02\/pexels-photo-36065437-36065437.jpg 360w\" sizes=\"auto, (max-width: 480px) 150px\" src=\"https:\/\/majorprojects.cat\/wp-content\/uploads\/2026\/02\/pexels-photo-36065437-36065437-1024x535.jpg\" alt=\"A modern construction site with cranes against a clear blue sky, showcasing urban development.\" class=\"uag-image-2565\" width=\"573\" height=\"305\" title=\"pexels-photo-36065437-36065437\" loading=\"lazy\" role=\"img\"\/><\/figure><\/div>\n<\/div>\n\n\n\n<div class=\"wp-block-uagb-container uagb-block-f7c73390\">\n<h4 class=\"wp-block-heading\" style=\"margin-top:0;margin-right:0;margin-bottom:0;margin-left:0\"><strong><strong>Rehabilitaci\u00f3 de masies i patrimoni<\/strong><\/strong><\/h4>\n\n\n\n<p style=\"margin-top:0;margin-right:0;margin-bottom:0;margin-left:0\">Som especialistes en la rehabilitaci\u00f3 de masies, edificis antics i patrimoni arquitect\u00f2nic. Respectem l\u2019ess\u00e8ncia i els materials originals, combinant t\u00e8cniques tradicionals amb solucions actuals per conservar el car\u00e0cter de l\u2019edifici i millorar-ne el confort i la funcionalitat.<\/p>\n<\/div>\n<\/div><\/div>\n\n\n\n<div class=\"wp-block-uagb-container service-container uagb-block-27b2329d alignfull uagb-is-root-container\"><div class=\"uagb-container-inner-blocks-wrap\">\n<div class=\"wp-block-group service-container is-nowrap is-layout-flex wp-container-core-group-is-layout-6c531013 wp-block-group-is-layout-flex\">\n<div class=\"wp-block-uagb-container uagb-block-77311b6e\">\n<h4 class=\"wp-block-heading\" style=\"margin-top:0;margin-right:0;margin-bottom:0;margin-left:0\"><strong><strong><strong>Volta catalana<\/strong><\/strong><\/strong><\/h4>\n\n\n\n<p style=\"margin-top:0;margin-right:0;margin-bottom:0;margin-left:0\">La volta catalana \u00e9s m\u00e9s que una t\u00e8cnica constructiva: \u00e9s part del nostre patrimoni i una manera d\u2019entendre la construcci\u00f3. <\/p>\n\n\n\n<p style=\"margin-top:0;margin-right:0;margin-bottom:0;margin-left:0\">Treballem la volta catalana amb respecte, coneixement i estima per l\u2019ofici, aplicant t\u00e8cniques tradicionals que hem apr\u00e8s amb els anys i que continuem preservant obra rere obra.<\/p>\n\n\n\n<p style=\"margin-top:0;margin-right:0;margin-bottom:0;margin-left:0\">Tant en rehabilitacions com en obra nova, integrem la volta catalana com un element estructural i est\u00e8tic que aporta calidesa, identitat i valor atemporal als espais.<\/p>\n<\/div>\n\n\n\n<div class=\"wp-block-uagb-container uagb-block-c0692eec\">\n<div class=\"wp-block-uagb-image uagb-block-6f152848 wp-block-uagb-image--layout-default wp-block-uagb-image--effect-static wp-block-uagb-image--align-none\"><figure class=\"wp-block-uagb-image__figure\"><img decoding=\"async\" srcset=\"https:\/\/majorprojects.cat\/wp-content\/uploads\/2026\/02\/pexels-photo-36065437-36065437-1024x535.jpg ,http:\/\/majorprojects.cat\/wp-content\/uploads\/2026\/02\/pexels-photo-36065437-36065437.jpg 780w, http:\/\/majorprojects.cat\/wp-content\/uploads\/2026\/02\/pexels-photo-36065437-36065437.jpg 360w\" sizes=\"auto, (max-width: 480px) 150px\" src=\"https:\/\/majorprojects.cat\/wp-content\/uploads\/2026\/02\/pexels-photo-36065437-36065437-1024x535.jpg\" alt=\"A modern construction site with cranes against a clear blue sky, showcasing urban development.\" class=\"uag-image-2565\" width=\"573\" height=\"305\" title=\"pexels-photo-36065437-36065437\" loading=\"lazy\" role=\"img\"\/><\/figure><\/div>\n<\/div>\n<\/div>\n<\/div><\/div>\n<\/div>\n<\/div>","protected":false},"excerpt":{"rendered":"<p>Serveis Projectes a mida Cada obra \u00e9s \u00fanica. Per aix\u00f2 oferim projectes personalitzats, escoltant les idees del client i assessorant-lo en cada decisi\u00f3. El nostre objectiu \u00e9s transformar les necessitats en espais ben pensats, pr\u00e0ctics i adaptats al dia a dia. Reformes integrals Realitzem reformes integrals d\u2019habitatges i espais professionals, adaptant cada projecte a les [&hellip;]<\/p>","protected":false},"author":1,"featured_media":0,"parent":0,"menu_order":0,"comment_status":"closed","ping_status":"closed","template":"","meta":{"_uag_custom_page_level_css":"","site-sidebar-layout":"no-sidebar","site-content-layout":"plain-container","ast-site-content-layout":"normal-width-container","site-content-style":"unboxed","site-sidebar-style":"unboxed","ast-global-header-display":"","ast-banner-title-visibility":"","ast-main-header-display":"","ast-hfb-above-header-display":"","ast-hfb-below-header-display":"","ast-hfb-mobile-header-display":"","site-post-title":"disabled","ast-breadcrumbs-content":"","ast-featured-img":"disabled","footer-sml-layout":"","theme-transparent-header-meta":"enabled","adv-header-id-meta":"","stick-header-meta":"","header-above-stick-meta":"","header-main-stick-meta":"","header-below-stick-meta":"","astra-migrate-meta-layouts":"set","ast-page-background-enabled":"default","ast-page-background-meta":{"desktop":{"background-color":"","background-image":"","background-repeat":"repeat","background-position":"center center","background-size":"auto","background-attachment":"scroll","background-type":"","background-media":"","overlay-type":"","overlay-color":"","overlay-opacity":"","overlay-gradient":""},"tablet":{"background-color":"","background-image":"","background-repeat":"repeat","background-position":"center center","background-size":"auto","background-attachment":"scroll","background-type":"","background-media":"","overlay-type":"","overlay-color":"","overlay-opacity":"","overlay-gradient":""},"mobile":{"background-color":"","background-image":"","background-repeat":"repeat","background-position":"center center","background-size":"auto","background-attachment":"scroll","background-type":"","background-media":"","overlay-type":"","overlay-color":"","overlay-opacity":"","overlay-gradient":""}},"ast-content-background-meta":{"desktop":{"background-color":"var(--ast-global-color-5)","background-image":"","background-repeat":"repeat","background-position":"center center","background-size":"auto","background-attachment":"scroll","background-type":"","background-media":"","overlay-type":"","overlay-color":"","overlay-opacity":"","overlay-gradient":""},"tablet":{"background-color":"var(--ast-global-color-5)","background-image":"","background-repeat":"repeat","background-position":"center center","background-size":"auto","background-attachment":"scroll","background-type":"","background-media":"","overlay-type":"","overlay-color":"","overlay-opacity":"","overlay-gradient":""},"mobile":{"background-color":"var(--ast-global-color-5)","background-image":"","background-repeat":"repeat","background-position":"center center","background-size":"auto","background-attachment":"scroll","background-type":"","background-media":"","overlay-type":"","overlay-color":"","overlay-opacity":"","overlay-gradient":""}},"footnotes":""},"class_list":["post-912","page","type-page","status-publish","hentry"],"aioseo_notices":[],"uagb_featured_image_src":{"full":false,"thumbnail":false,"medium":false,"medium_large":false,"large":false,"1536x1536":false,"2048x2048":false,"trp-custom-language-flag":false},"uagb_author_info":{"display_name":"rpdigital0@gmail.com","author_link":"https:\/\/majorprojects.cat\/es\/author\/rpdigital0gmail-com\/"},"uagb_comment_info":0,"uagb_excerpt":"Serveis Projectes a mida Cada obra \u00e9s \u00fanica. Per aix\u00f2 oferim projectes personalitzats, escoltant les idees del client i assessorant-lo en cada decisi\u00f3. El nostre objectiu \u00e9s transformar les necessitats en espais ben pensats, pr\u00e0ctics i adaptats al dia a dia. Reformes integrals Realitzem reformes integrals d\u2019habitatges i espais professionals, adaptant cada projecte a les&hellip;","_links":{"self":[{"href":"https:\/\/majorprojects.cat\/es\/wp-json\/wp\/v2\/pages\/912","targetHints":{"allow":["GET"]}}],"collection":[{"href":"https:\/\/majorprojects.cat\/es\/wp-json\/wp\/v2\/pages"}],"about":[{"href":"https:\/\/majorprojects.cat\/es\/wp-json\/wp\/v2\/types\/page"}],"author":[{"embeddable":true,"href":"https:\/\/majorprojects.cat\/es\/wp-json\/wp\/v2\/users\/1"}],"replies":[{"embeddable":true,"href":"https:\/\/majorprojects.cat\/es\/wp-json\/wp\/v2\/comments?post=912"}],"version-history":[{"count":39,"href":"https:\/\/majorprojects.cat\/es\/wp-json\/wp\/v2\/pages\/912\/revisions"}],"predecessor-version":[{"id":2710,"href":"https:\/\/majorprojects.cat\/es\/wp-json\/wp\/v2\/pages\/912\/revisions\/2710"}],"wp:attachment":[{"href":"https:\/\/majorprojects.cat\/es\/wp-json\/wp\/v2\/media?parent=912"}],"curies":[{"name":"wp","href":"https:\/\/api.w.org\/{rel}","templated":true}]}}