{"id":908,"date":"2025-04-23T08:36:14","date_gmt":"2025-04-23T08:36:14","guid":{"rendered":"https:\/\/transportsbouprat.cat\/about\/"},"modified":"2026-02-24T09:12:32","modified_gmt":"2026-02-24T09:12:32","slug":"nosaltres","status":"publish","type":"page","link":"https:\/\/majorprojects.cat\/es\/nosaltres\/","title":{"rendered":"Nosotros"},"content":{"rendered":"<div class=\"wp-block-uagb-container uagb-block-93bb43df alignfull uagb-is-root-container\"><div class=\"uagb-container-inner-blocks-wrap\">\n<div class=\"wp-block-uagb-advanced-heading uagb-block-60b4616a\"><h1 class=\"uagb-heading-text\">Nosotros<\/h1><\/div>\n<\/div><\/div>\n\n\n\n<div class=\"wp-block-uagb-container uagb-block-b528f1d3 alignfull uagb-is-root-container\"><div class=\"uagb-container-inner-blocks-wrap\">\n<div class=\"wp-block-group uag-hide-mob is-nowrap is-layout-flex wp-container-core-group-is-layout-6c531013 wp-block-group-is-layout-flex\">\n<div class=\"wp-block-uagb-container uagb-block-960a83e1\">\n<p class=\"has-text-align-left\" style=\"margin-top:0;margin-bottom:0\">Som una empresa de construcci\u00f3 amb m\u00e9s de vint anys d\u2019experi\u00e8ncia en el sector, consolidada gr\u00e0cies al treball constant, la confian\u00e7a dels clients i la qualitat dels nostres projectes. Al llarg dels anys hem participat en tota mena d\u2019obres, des de reformes i obra nova fins a rehabilitacions complexes de masies i edificis hist\u00f2rics.<\/p>\n\n\n\n<p style=\"margin-top:0;margin-bottom:0\">Ens definim per un tracte proper i honest, una manera de treballar rigorosa i el comprom\u00eds amb els terminis i els acabats. Comptem amb un equip de professionals qualificats i col\u00b7laboradors habituals que ens permeten oferir un servei integral i coordinat.<\/p>\n\n\n\n<p style=\"margin-top:0;margin-bottom:0\">Creiem en la construcci\u00f3 ben feta, en el respecte pels materials i en les solucions duradores. El nostre objectiu \u00e9s que cada client se senti acompanyat durant tot el proc\u00e9s i satisfet amb el resultat final.<\/p>\n<\/div>\n\n\n\n<figure class=\"wp-block-image size-large is-resized has-custom-border uag-hide-mob\"><img loading=\"lazy\" decoding=\"async\" width=\"1024\" height=\"576\" src=\"https:\/\/majorprojects.cat\/wp-content\/uploads\/2026\/02\/MP-noDibuix-Negre-1024x576.png\" alt=\"\" class=\"wp-image-2574\" style=\"border-width:1px;width:572px;height:auto\" srcset=\"https:\/\/majorprojects.cat\/wp-content\/uploads\/2026\/02\/MP-noDibuix-Negre-1024x576.png 1024w, https:\/\/majorprojects.cat\/wp-content\/uploads\/2026\/02\/MP-noDibuix-Negre-300x169.png 300w, https:\/\/majorprojects.cat\/wp-content\/uploads\/2026\/02\/MP-noDibuix-Negre-768x432.png 768w, https:\/\/majorprojects.cat\/wp-content\/uploads\/2026\/02\/MP-noDibuix-Negre-1536x864.png 1536w, https:\/\/majorprojects.cat\/wp-content\/uploads\/2026\/02\/MP-noDibuix-Negre-2048x1152.png 2048w, https:\/\/majorprojects.cat\/wp-content\/uploads\/2026\/02\/MP-noDibuix-Negre-18x10.png 18w\" sizes=\"auto, (max-width: 1024px) 100vw, 1024px\" \/><\/figure>\n<\/div>\n\n\n\n<div class=\"wp-block-group uag-hide-desktop uag-hide-tab is-vertical is-layout-flex wp-container-core-group-is-layout-fe9cc265 wp-block-group-is-layout-flex\">\n<div class=\"wp-block-uagb-container uagb-block-00f155a1\">\n<p class=\"has-text-align-left\" style=\"margin-top:0;margin-bottom:0\">Som una empresa de construcci\u00f3 amb m\u00e9s de vint anys d\u2019experi\u00e8ncia en el sector, consolidada gr\u00e0cies al treball constant, la confian\u00e7a dels clients i la qualitat dels nostres projectes. Al llarg dels anys hem participat en tota mena d\u2019obres, des de reformes i obra nova fins a rehabilitacions complexes de masies i edificis hist\u00f2rics.<\/p>\n\n\n\n<p style=\"margin-top:0;margin-bottom:0\">Ens definim per un tracte proper i honest, una manera de treballar rigorosa i el comprom\u00eds amb els terminis i els acabats. Comptem amb un equip de professionals qualificats i col\u00b7laboradors habituals que ens permeten oferir un servei integral i coordinat.<\/p>\n\n\n\n<p style=\"margin-top:0;margin-bottom:0\">Creiem en la construcci\u00f3 ben feta, en el respecte pels materials i en les solucions duradores. El nostre objectiu \u00e9s que cada client se senti acompanyat durant tot el proc\u00e9s i satisfet amb el resultat final.<\/p>\n<\/div>\n\n\n\n<figure class=\"wp-block-image size-large uag-hide-desktop uag-hide-tab\"><img loading=\"lazy\" decoding=\"async\" width=\"1024\" height=\"576\" src=\"http:\/\/majorprojects.cat\/wp-content\/uploads\/2026\/02\/MP-Dibuix-Negre-1024x576.png\" alt=\"\" class=\"wp-image-2575\" srcset=\"https:\/\/majorprojects.cat\/wp-content\/uploads\/2026\/02\/MP-Dibuix-Negre-1024x576.png 1024w, https:\/\/majorprojects.cat\/wp-content\/uploads\/2026\/02\/MP-Dibuix-Negre-300x169.png 300w, https:\/\/majorprojects.cat\/wp-content\/uploads\/2026\/02\/MP-Dibuix-Negre-768x432.png 768w, https:\/\/majorprojects.cat\/wp-content\/uploads\/2026\/02\/MP-Dibuix-Negre-1536x864.png 1536w, https:\/\/majorprojects.cat\/wp-content\/uploads\/2026\/02\/MP-Dibuix-Negre-2048x1152.png 2048w, https:\/\/majorprojects.cat\/wp-content\/uploads\/2026\/02\/MP-Dibuix-Negre-18x10.png 18w\" sizes=\"auto, (max-width: 1024px) 100vw, 1024px\" \/><\/figure>\n<\/div>\n\n\n\n<div class=\"wp-block-uagb-container uagb-block-65388b86\">\n<h3 class=\"wp-block-heading\"><strong>Per qu\u00e8 confiar en nosaltres<\/strong>?<\/h3>\n\n\n\n<div class=\"wp-block-uagb-icon-list uagb-block-177e6b01\"><div class=\"uagb-icon-list__wrap\">\n<div class=\"wp-block-uagb-icon-list-child uagb-block-ed8e8f6e\"><span class=\"uagb-icon-list__source-wrap\"><svg xmlns=\"https:\/\/www.w3.org\/2000\/svg\" viewbox=\"0 0 512 512\"><path d=\"M256 0C114.6 0 0 114.6 0 256c0 141.4 114.6 256 256 256s256-114.6 256-256C512 114.6 397.4 0 256 0zM406.6 278.6l-103.1 103.1c-12.5 12.5-32.75 12.5-45.25 0s-12.5-32.75 0-45.25L306.8 288H128C110.3 288 96 273.7 96 256s14.31-32 32-32h178.8l-49.38-49.38c-12.5-12.5-12.5-32.75 0-45.25s32.75-12.5 45.25 0l103.1 103.1C414.6 241.3 416 251.1 416 256C416 260.9 414.6 270.7 406.6 278.6z\"><\/path><\/svg><\/span><span class=\"uagb-icon-list__label\">M\u00e9s de 20 anys d\u2019experi\u00e8ncia<\/span><\/div>\n\n\n\n<div class=\"wp-block-uagb-icon-list-child uagb-block-ebc1823b\"><span class=\"uagb-icon-list__source-wrap\"><svg xmlns=\"https:\/\/www.w3.org\/2000\/svg\" viewbox=\"0 0 512 512\"><path d=\"M256 0C114.6 0 0 114.6 0 256c0 141.4 114.6 256 256 256s256-114.6 256-256C512 114.6 397.4 0 256 0zM406.6 278.6l-103.1 103.1c-12.5 12.5-32.75 12.5-45.25 0s-12.5-32.75 0-45.25L306.8 288H128C110.3 288 96 273.7 96 256s14.31-32 32-32h178.8l-49.38-49.38c-12.5-12.5-12.5-32.75 0-45.25s32.75-12.5 45.25 0l103.1 103.1C414.6 241.3 416 251.1 416 256C416 260.9 414.6 270.7 406.6 278.6z\"><\/path><\/svg><\/span><span class=\"uagb-icon-list__label\">Tracte proper i honest<\/span><\/div>\n\n\n\n<div class=\"wp-block-uagb-icon-list-child uagb-block-d8e55d16\"><span class=\"uagb-icon-list__source-wrap\"><svg xmlns=\"https:\/\/www.w3.org\/2000\/svg\" viewbox=\"0 0 512 512\"><path d=\"M256 0C114.6 0 0 114.6 0 256c0 141.4 114.6 256 256 256s256-114.6 256-256C512 114.6 397.4 0 256 0zM406.6 278.6l-103.1 103.1c-12.5 12.5-32.75 12.5-45.25 0s-12.5-32.75 0-45.25L306.8 288H128C110.3 288 96 273.7 96 256s14.31-32 32-32h178.8l-49.38-49.38c-12.5-12.5-12.5-32.75 0-45.25s32.75-12.5 45.25 0l103.1 103.1C414.6 241.3 416 251.1 416 256C416 260.9 414.6 270.7 406.6 278.6z\"><\/path><\/svg><\/span><span class=\"uagb-icon-list__label\">Coordinaci\u00f3 integral de l\u2019obra<\/span><\/div>\n\n\n\n<div class=\"wp-block-uagb-icon-list-child uagb-block-e98017df\"><span class=\"uagb-icon-list__source-wrap\"><svg xmlns=\"https:\/\/www.w3.org\/2000\/svg\" viewbox=\"0 0 512 512\"><path d=\"M256 0C114.6 0 0 114.6 0 256c0 141.4 114.6 256 256 256s256-114.6 256-256C512 114.6 397.4 0 256 0zM406.6 278.6l-103.1 103.1c-12.5 12.5-32.75 12.5-45.25 0s-12.5-32.75 0-45.25L306.8 288H128C110.3 288 96 273.7 96 256s14.31-32 32-32h178.8l-49.38-49.38c-12.5-12.5-12.5-32.75 0-45.25s32.75-12.5 45.25 0l103.1 103.1C414.6 241.3 416 251.1 416 256C416 260.9 414.6 270.7 406.6 278.6z\"><\/path><\/svg><\/span><span class=\"uagb-icon-list__label\">Materials i acabats de qualitat<\/span><\/div>\n\n\n\n<div class=\"wp-block-uagb-icon-list-child uagb-block-7ca6ced2\"><span class=\"uagb-icon-list__source-wrap\"><svg xmlns=\"https:\/\/www.w3.org\/2000\/svg\" viewbox=\"0 0 512 512\"><path d=\"M256 0C114.6 0 0 114.6 0 256c0 141.4 114.6 256 256 256s256-114.6 256-256C512 114.6 397.4 0 256 0zM406.6 278.6l-103.1 103.1c-12.5 12.5-32.75 12.5-45.25 0s-12.5-32.75 0-45.25L306.8 288H128C110.3 288 96 273.7 96 256s14.31-32 32-32h178.8l-49.38-49.38c-12.5-12.5-12.5-32.75 0-45.25s32.75-12.5 45.25 0l103.1 103.1C414.6 241.3 416 251.1 416 256C416 260.9 414.6 270.7 406.6 278.6z\"><\/path><\/svg><\/span><span class=\"uagb-icon-list__label\">\u00a0Respecte per l\u2019ofici i la tradici\u00f3<\/span><\/div>\n<\/div><\/div>\n<\/div>\n<\/div><\/div>\n\n\n\n<p><\/p>","protected":false},"excerpt":{"rendered":"<p>Nosaltres Som una empresa de construcci\u00f3 amb m\u00e9s de vint anys d\u2019experi\u00e8ncia en el sector, consolidada gr\u00e0cies al treball constant, la confian\u00e7a dels clients i la qualitat dels nostres projectes. Al llarg dels anys hem participat en tota mena d\u2019obres, des de reformes i obra nova fins a rehabilitacions complexes de masies i edificis hist\u00f2rics. [&hellip;]<\/p>","protected":false},"author":1,"featured_media":0,"parent":0,"menu_order":0,"comment_status":"closed","ping_status":"closed","template":"","meta":{"_uag_custom_page_level_css":"","site-sidebar-layout":"no-sidebar","site-content-layout":"plain-container","ast-site-content-layout":"normal-width-container","site-content-style":"unboxed","site-sidebar-style":"unboxed","ast-global-header-display":"","ast-banner-title-visibility":"","ast-main-header-display":"","ast-hfb-above-header-display":"","ast-hfb-below-header-display":"","ast-hfb-mobile-header-display":"","site-post-title":"disabled","ast-breadcrumbs-content":"","ast-featured-img":"disabled","footer-sml-layout":"","theme-transparent-header-meta":"enabled","adv-header-id-meta":"","stick-header-meta":"","header-above-stick-meta":"","header-main-stick-meta":"","header-below-stick-meta":"","astra-migrate-meta-layouts":"set","ast-page-background-enabled":"default","ast-page-background-meta":{"desktop":{"background-color":"","background-image":"","background-repeat":"repeat","background-position":"center center","background-size":"auto","background-attachment":"scroll","background-type":"","background-media":"","overlay-type":"","overlay-color":"","overlay-opacity":"","overlay-gradient":""},"tablet":{"background-color":"","background-image":"","background-repeat":"repeat","background-position":"center center","background-size":"auto","background-attachment":"scroll","background-type":"","background-media":"","overlay-type":"","overlay-color":"","overlay-opacity":"","overlay-gradient":""},"mobile":{"background-color":"","background-image":"","background-repeat":"repeat","background-position":"center center","background-size":"auto","background-attachment":"scroll","background-type":"","background-media":"","overlay-type":"","overlay-color":"","overlay-opacity":"","overlay-gradient":""}},"ast-content-background-meta":{"desktop":{"background-color":"var(--ast-global-color-5)","background-image":"","background-repeat":"repeat","background-position":"center center","background-size":"auto","background-attachment":"scroll","background-type":"","background-media":"","overlay-type":"","overlay-color":"","overlay-opacity":"","overlay-gradient":""},"tablet":{"background-color":"var(--ast-global-color-5)","background-image":"","background-repeat":"repeat","background-position":"center center","background-size":"auto","background-attachment":"scroll","background-type":"","background-media":"","overlay-type":"","overlay-color":"","overlay-opacity":"","overlay-gradient":""},"mobile":{"background-color":"var(--ast-global-color-5)","background-image":"","background-repeat":"repeat","background-position":"center center","background-size":"auto","background-attachment":"scroll","background-type":"","background-media":"","overlay-type":"","overlay-color":"","overlay-opacity":"","overlay-gradient":""}},"footnotes":""},"class_list":["post-908","page","type-page","status-publish","hentry"],"aioseo_notices":[],"uagb_featured_image_src":{"full":false,"thumbnail":false,"medium":false,"medium_large":false,"large":false,"1536x1536":false,"2048x2048":false,"trp-custom-language-flag":false},"uagb_author_info":{"display_name":"rpdigital0@gmail.com","author_link":"https:\/\/majorprojects.cat\/es\/author\/rpdigital0gmail-com\/"},"uagb_comment_info":0,"uagb_excerpt":"Nosaltres Som una empresa de construcci\u00f3 amb m\u00e9s de vint anys d\u2019experi\u00e8ncia en el sector, consolidada gr\u00e0cies al treball constant, la confian\u00e7a dels clients i la qualitat dels nostres projectes. Al llarg dels anys hem participat en tota mena d\u2019obres, des de reformes i obra nova fins a rehabilitacions complexes de masies i edificis hist\u00f2rics.&hellip;","_links":{"self":[{"href":"https:\/\/majorprojects.cat\/es\/wp-json\/wp\/v2\/pages\/908","targetHints":{"allow":["GET"]}}],"collection":[{"href":"https:\/\/majorprojects.cat\/es\/wp-json\/wp\/v2\/pages"}],"about":[{"href":"https:\/\/majorprojects.cat\/es\/wp-json\/wp\/v2\/types\/page"}],"author":[{"embeddable":true,"href":"https:\/\/majorprojects.cat\/es\/wp-json\/wp\/v2\/users\/1"}],"replies":[{"embeddable":true,"href":"https:\/\/majorprojects.cat\/es\/wp-json\/wp\/v2\/comments?post=908"}],"version-history":[{"count":16,"href":"https:\/\/majorprojects.cat\/es\/wp-json\/wp\/v2\/pages\/908\/revisions"}],"predecessor-version":[{"id":2703,"href":"https:\/\/majorprojects.cat\/es\/wp-json\/wp\/v2\/pages\/908\/revisions\/2703"}],"wp:attachment":[{"href":"https:\/\/majorprojects.cat\/es\/wp-json\/wp\/v2\/media?parent=908"}],"curies":[{"name":"wp","href":"https:\/\/api.w.org\/{rel}","templated":true}]}}